{"id":3893,"date":"2018-11-16T20:29:43","date_gmt":"2018-11-16T19:29:43","guid":{"rendered":"https:\/\/skiclubdebeille.com\/?page_id=3893"},"modified":"2026-01-07T16:16:16","modified_gmt":"2026-01-07T15:16:16","slug":"les-mercredis-a-la-neige","status":"publish","type":"page","link":"https:\/\/skiclubdebeille.com\/index.php\/les-mercredis-a-la-neige\/","title":{"rendered":"Les mercredis \u00e0 la neige"},"content":{"rendered":"<p><img loading=\"lazy\" decoding=\"async\" class=\"size-medium wp-image-3788 alignleft\" src=\"https:\/\/skiclubdebeille.com\/wp-content\/uploads\/2015\/04\/mercredi-alaneige-beille-300x171.jpg\" alt=\"\" width=\"300\" height=\"171\" srcset=\"https:\/\/skiclubdebeille.com\/wp-content\/uploads\/2015\/04\/mercredi-alaneige-beille-300x171.jpg 300w, https:\/\/skiclubdebeille.com\/wp-content\/uploads\/2015\/04\/mercredi-alaneige-beille-600x343.jpg 600w, https:\/\/skiclubdebeille.com\/wp-content\/uploads\/2015\/04\/mercredi-alaneige-beille-768x438.jpg 768w, https:\/\/skiclubdebeille.com\/wp-content\/uploads\/2015\/04\/mercredi-alaneige-beille.jpg 960w\" sizes=\"auto, (max-width: 300px) 100vw, 300px\" \/><\/p>\n<p>Les sorties des mercredis \u00e0 la neige d\u00e9butent en d\u00e9cembre par une s\u00e9ance de d\u00e9couverte ouverte \u00e0 tous<\/p>\n<p>Renseignements, inscriptions par mail scbeille09@gmail.com<br \/>\nConditions : -avoir entre 5 et 14 ans,<br \/>\n-\u00eatre motiv\u00e9 pour d\u00e9couvrir et pratiquer le ski de fond (classic et skating) et le biathlon (\u00e0 partir de 8 ans).<\/p>\n<p>Tarifs 180 euros la saison<\/p>\n<p>L&rsquo;encadrement est assur\u00e9 par les membres du club et les moniteurs ESF. La saison sera cl\u00f4tur\u00e9e par le passages des tests (\u00e9toiles, nordiSkierCross ou Biathlon).<\/p>\n","protected":false},"excerpt":{"rendered":"<p>Les sorties des mercredis \u00e0 la neige d\u00e9butent en d\u00e9cembre par une s\u00e9ance de d\u00e9couverte ouverte \u00e0 tous Renseignements, inscriptions par mail scbeille09@gmail.com Conditions : -avoir entre 5 et 14 [&hellip;]<\/p>\n","protected":false},"author":1,"featured_media":3788,"parent":0,"menu_order":0,"comment_status":"closed","ping_status":"closed","template":"","meta":{"footnotes":""},"class_list":["post-3893","page","type-page","status-publish","has-post-thumbnail","hentry"],"_links":{"self":[{"href":"https:\/\/skiclubdebeille.com\/index.php\/wp-json\/wp\/v2\/pages\/3893","targetHints":{"allow":["GET"]}}],"collection":[{"href":"https:\/\/skiclubdebeille.com\/index.php\/wp-json\/wp\/v2\/pages"}],"about":[{"href":"https:\/\/skiclubdebeille.com\/index.php\/wp-json\/wp\/v2\/types\/page"}],"author":[{"embeddable":true,"href":"https:\/\/skiclubdebeille.com\/index.php\/wp-json\/wp\/v2\/users\/1"}],"replies":[{"embeddable":true,"href":"https:\/\/skiclubdebeille.com\/index.php\/wp-json\/wp\/v2\/comments?post=3893"}],"version-history":[{"count":6,"href":"https:\/\/skiclubdebeille.com\/index.php\/wp-json\/wp\/v2\/pages\/3893\/revisions"}],"predecessor-version":[{"id":5039,"href":"https:\/\/skiclubdebeille.com\/index.php\/wp-json\/wp\/v2\/pages\/3893\/revisions\/5039"}],"wp:featuredmedia":[{"embeddable":true,"href":"https:\/\/skiclubdebeille.com\/index.php\/wp-json\/wp\/v2\/media\/3788"}],"wp:attachment":[{"href":"https:\/\/skiclubdebeille.com\/index.php\/wp-json\/wp\/v2\/media?parent=3893"}],"curies":[{"name":"wp","href":"https:\/\/api.w.org\/{rel}","templated":true}]}}