{"id":3922,"date":"2018-12-03T16:18:36","date_gmt":"2018-12-03T15:18:36","guid":{"rendered":"https:\/\/skiclubdebeille.com\/?page_id=3922"},"modified":"2018-12-03T16:18:36","modified_gmt":"2018-12-03T15:18:36","slug":"section-sportive-college","status":"publish","type":"page","link":"https:\/\/skiclubdebeille.com\/index.php\/section-sportive-college\/","title":{"rendered":"Section sportive Coll\u00e8ge"},"content":{"rendered":"<p>Le ski club de Beille est partenaire du coll\u00e8ge Mario Beulaygue d&rsquo;Ax les Thermes, dans le fonctionnement de la section sportive ski nordique (ski de fond\/biathlon).<\/p>\n<p>La section sportive est un des p\u00f4les d&rsquo;excellence du coll\u00e8ge.<\/p>\n<p>Par un emploi du temps adapt\u00e9 et un encadrement d\u00e9di\u00e9 (professeur EPS,\u00a0 entra\u00eeneur brevet d&rsquo;\u00e9tat), elle propose une pr\u00e9paration physique g\u00e9n\u00e9rale (P.P.G.) et sp\u00e9cifique (ski \u00e0 roulettes) au 1er \u00a0trimestre.<\/p>\n<p>Une pratique sur neige dans les stations de Beille ou du Chioula au 2\u00e8me trimestre (2 apr\u00e8s midi par semaine).<\/p>\n<p>Une solide motivation, des r\u00e9sultats scolaires suffisants, de bonnes aptitudes au ski ( licence d&rsquo;un club FFS obligatoire) permettent d&rsquo;envisager l&rsquo;entr\u00e9e en section sportive.<\/p>\n<p>conditions d&rsquo;acc\u00e8s<\/p>\n<ul>\n<li>Satisfaire des tests sportifs, en mars.<\/li>\n<li>Acceptation d\u00e9finitive par M. l&rsquo;inspecteur d&rsquo;Acad\u00e9mie si demande de d\u00e9rogation.(le coll\u00e8ge poss\u00e8de un internat)<\/li>\n<li>\u00catre comp\u00e9titeur et appartenir \u00e0 un club.<\/li>\n<li>Entretien devant une commission en mai, juin.<\/li>\n<\/ul>\n<p><b>Contact: 05.61.64.22.18<\/b><\/p>\n","protected":false},"excerpt":{"rendered":"<p>Le ski club de Beille est partenaire du coll\u00e8ge Mario Beulaygue d&rsquo;Ax les Thermes, dans le fonctionnement de la section sportive ski nordique (ski de fond\/biathlon). La section sportive est [&hellip;]<\/p>\n","protected":false},"author":1,"featured_media":0,"parent":0,"menu_order":0,"comment_status":"closed","ping_status":"closed","template":"","meta":{"footnotes":""},"class_list":["post-3922","page","type-page","status-publish","hentry"],"_links":{"self":[{"href":"https:\/\/skiclubdebeille.com\/index.php\/wp-json\/wp\/v2\/pages\/3922","targetHints":{"allow":["GET"]}}],"collection":[{"href":"https:\/\/skiclubdebeille.com\/index.php\/wp-json\/wp\/v2\/pages"}],"about":[{"href":"https:\/\/skiclubdebeille.com\/index.php\/wp-json\/wp\/v2\/types\/page"}],"author":[{"embeddable":true,"href":"https:\/\/skiclubdebeille.com\/index.php\/wp-json\/wp\/v2\/users\/1"}],"replies":[{"embeddable":true,"href":"https:\/\/skiclubdebeille.com\/index.php\/wp-json\/wp\/v2\/comments?post=3922"}],"version-history":[{"count":1,"href":"https:\/\/skiclubdebeille.com\/index.php\/wp-json\/wp\/v2\/pages\/3922\/revisions"}],"predecessor-version":[{"id":3923,"href":"https:\/\/skiclubdebeille.com\/index.php\/wp-json\/wp\/v2\/pages\/3922\/revisions\/3923"}],"wp:attachment":[{"href":"https:\/\/skiclubdebeille.com\/index.php\/wp-json\/wp\/v2\/media?parent=3922"}],"curies":[{"name":"wp","href":"https:\/\/api.w.org\/{rel}","templated":true}]}}