{"id":4995,"date":"2025-12-23T22:08:37","date_gmt":"2025-12-23T21:08:37","guid":{"rendered":"https:\/\/skiclubdebeille.com\/?page_id=4995"},"modified":"2026-01-18T19:23:54","modified_gmt":"2026-01-18T18:23:54","slug":"beilloise-2026","status":"publish","type":"page","link":"https:\/\/skiclubdebeille.com\/index.php\/x-landing1\/beilloise-2026\/","title":{"rendered":"BEILLOISE 2026"},"content":{"rendered":"<h1 style=\"text-align: center;\">La Beilloise<\/h1>\n<h1 style=\"text-align: center;\">Dimanche 25 janvier 2026<\/h1>\n<h1><a href=\"https:\/\/skiclubdebeille.com\/wp-content\/uploads\/2026\/01\/PHOTO-2025-12-25-18-25-54.jpg\"><img loading=\"lazy\" decoding=\"async\" class=\"wp-image-5022 aligncenter\" src=\"https:\/\/skiclubdebeille.com\/wp-content\/uploads\/2026\/01\/PHOTO-2025-12-25-18-25-54.jpg\" alt=\"\" width=\"549\" height=\"309\" srcset=\"https:\/\/skiclubdebeille.com\/wp-content\/uploads\/2026\/01\/PHOTO-2025-12-25-18-25-54.jpg 1600w, https:\/\/skiclubdebeille.com\/wp-content\/uploads\/2026\/01\/PHOTO-2025-12-25-18-25-54-300x169.jpg 300w, https:\/\/skiclubdebeille.com\/wp-content\/uploads\/2026\/01\/PHOTO-2025-12-25-18-25-54-1024x576.jpg 1024w, https:\/\/skiclubdebeille.com\/wp-content\/uploads\/2026\/01\/PHOTO-2025-12-25-18-25-54-768x432.jpg 768w, https:\/\/skiclubdebeille.com\/wp-content\/uploads\/2026\/01\/PHOTO-2025-12-25-18-25-54-1536x864.jpg 1536w, https:\/\/skiclubdebeille.com\/wp-content\/uploads\/2026\/01\/PHOTO-2025-12-25-18-25-54-600x338.jpg 600w\" sizes=\"auto, (max-width: 549px) 100vw, 549px\" \/><\/a><\/h1>\n<p style=\"text-align: left;\">Inscriptions <a href=\"https:\/\/www.helloasso.com\/associations\/ski-club-de-beille\/evenements\/inscription-beilloise-25-janvier-2026\">ici<\/a><\/p>\n<p style=\"text-align: left;\">Notre course populaire de ski de fond vous attend, comme chaque ann\u00e9e, sur le Plateau de Beille avec des parcours de 5, 10 et 21 kms qui permettent \u00e0 chacun, quel que soit son niveau, de participer \u00e0 la grande f\u00eate du ski de fond pyr\u00e9n\u00e9en !<\/p>\n<p>inscription : <a href=\"https:\/\/www.helloasso.com\/associations\/ski-club-de-beille\/evenements\/inscription-beilloise-25-janvier-2026\">https:\/\/www.helloasso.com\/associations\/ski-club-de-beille\/evenements\/inscription-beilloise-25-janvier-2026<\/a><\/p>\n<p><strong>Des nouveaut\u00e9s cette ann\u00e9e :<\/strong><\/p>\n<ul>\n<li><strong>Le Nordic SkierCross<\/strong> le samedi apr\u00e8s-midi : \u00e9preuve disput\u00e9e sur un parcours de 800 m \u00e0 profil descendant, bossel\u00e9 (et sinueux !) sous forme de qualif en individuel puis de manches \u00e0 4 au d\u00e9part (combien \u00e0 l&rsquo;arriv\u00e9e ?) et de finales ! Du grand spectacle en perspective ! (Et c&rsquo;est gratuit pour les inscrits \u00e0 la Beilloise, 5 \u20ac pour les autres). Qui osera dire apr\u00e8s cela que le ski de fond est un sport pour le 3\u00e8me \u00e2ge !?!<\/li>\n<\/ul>\n<p>&nbsp;<\/p>\n<ul>\n<li><strong>Le cadeau de bienvenue <\/strong>: stop cette ann\u00e9e aux produits import\u00e9s ! Ce sera du 100% local (et croustillant&#8230;hum !).<\/li>\n<\/ul>\n<p>&nbsp;<\/p>\n<ul>\n<li><strong>Le repas d&rsquo;apr\u00e8s-course <\/strong>: lui aussi pr\u00e9par\u00e9 sur place par notre partenaire \u00ab\u00a0Le Croustet\u00a0\u00bb1800. Histoire de se retrouver apr\u00e8s la course pour prolonger le plaisir. Attention, il faudra absolument le r\u00e9server \u00e0 l&rsquo;inscription. D&rsquo;apr\u00e8s vous, on part plut\u00f4t sur Tartiflette ou Burger ? Affaire \u00e0 suivre, on vous tiendra au courant !<\/li>\n<\/ul>\n<p>&nbsp;<\/p>\n<ul>\n<li><strong>Le Challenge Patrice Gaut <\/strong>: un d\u00e9fi pour les participants au Trail Blanc de Beille du 11 janvier : franchir la ligne d&rsquo;arriv\u00e9e de la Beilloise (skis aux pieds!). On additionne les temps de course (trail + ski) et on obtient les premiers laur\u00e9ats du Challenge Patrice Gaut. T&rsquo;es cap ? ( voir r\u00e8glement pour plus de d\u00e9tails, pas de surco\u00fbt \u00e0 l&rsquo;inscription.)<\/li>\n<\/ul>\n<p>&nbsp;<\/p>\n<ul>\n<li><strong>Quelques d\u00e9tails pratiques :\u00a0 \u00a0<\/strong><\/li>\n<li><strong>Retrait des dossards<\/strong> : \u00e0 la station de Beille, le samedi 24 de 16h \u00e0 17h 30 et le dimanche 25 de 8h \u00e0 9h30.<\/li>\n<li>Horaires de d\u00e9part :<\/li>\n<li>9h45 : Handisport<\/li>\n<li>10h : 21 et 10 kms<\/li>\n<li>10h05 : 5 kms<\/li>\n<li><b>Repas <\/b>: A partir de 12h30<\/li>\n<li><strong>Remise des prix<\/strong> : 13h30<\/li>\n<\/ul>\n<p><a href=\"https:\/\/skiclubdebeille.com\/wp-content\/uploads\/2022\/03\/BEILLOISE-21-KMS.jpg\"><img loading=\"lazy\" decoding=\"async\" class=\"alignnone size-full wp-image-4534\" src=\"https:\/\/skiclubdebeille.com\/wp-content\/uploads\/2022\/03\/BEILLOISE-21-KMS.jpg\" alt=\"\" width=\"2338\" height=\"1700\" srcset=\"https:\/\/skiclubdebeille.com\/wp-content\/uploads\/2022\/03\/BEILLOISE-21-KMS.jpg 2338w, https:\/\/skiclubdebeille.com\/wp-content\/uploads\/2022\/03\/BEILLOISE-21-KMS-300x218.jpg 300w, https:\/\/skiclubdebeille.com\/wp-content\/uploads\/2022\/03\/BEILLOISE-21-KMS-1024x745.jpg 1024w, https:\/\/skiclubdebeille.com\/wp-content\/uploads\/2022\/03\/BEILLOISE-21-KMS-768x558.jpg 768w, https:\/\/skiclubdebeille.com\/wp-content\/uploads\/2022\/03\/BEILLOISE-21-KMS-1536x1117.jpg 1536w, https:\/\/skiclubdebeille.com\/wp-content\/uploads\/2022\/03\/BEILLOISE-21-KMS-2048x1489.jpg 2048w, https:\/\/skiclubdebeille.com\/wp-content\/uploads\/2022\/03\/BEILLOISE-21-KMS-600x436.jpg 600w\" sizes=\"auto, (max-width: 2338px) 100vw, 2338px\" \/><\/a><\/p>\n","protected":false},"excerpt":{"rendered":"<p>La Beilloise Dimanche 25 janvier 2026 Inscriptions ici Notre course populaire de ski de fond vous attend, comme chaque ann\u00e9e, sur le Plateau de Beille avec des parcours de 5, [&hellip;]<\/p>\n","protected":false},"author":2,"featured_media":5022,"parent":2686,"menu_order":0,"comment_status":"closed","ping_status":"closed","template":"template-home.php","meta":{"footnotes":""},"class_list":["post-4995","page","type-page","status-publish","has-post-thumbnail","hentry"],"_links":{"self":[{"href":"https:\/\/skiclubdebeille.com\/index.php\/wp-json\/wp\/v2\/pages\/4995","targetHints":{"allow":["GET"]}}],"collection":[{"href":"https:\/\/skiclubdebeille.com\/index.php\/wp-json\/wp\/v2\/pages"}],"about":[{"href":"https:\/\/skiclubdebeille.com\/index.php\/wp-json\/wp\/v2\/types\/page"}],"author":[{"embeddable":true,"href":"https:\/\/skiclubdebeille.com\/index.php\/wp-json\/wp\/v2\/users\/2"}],"replies":[{"embeddable":true,"href":"https:\/\/skiclubdebeille.com\/index.php\/wp-json\/wp\/v2\/comments?post=4995"}],"version-history":[{"count":20,"href":"https:\/\/skiclubdebeille.com\/index.php\/wp-json\/wp\/v2\/pages\/4995\/revisions"}],"predecessor-version":[{"id":5045,"href":"https:\/\/skiclubdebeille.com\/index.php\/wp-json\/wp\/v2\/pages\/4995\/revisions\/5045"}],"up":[{"embeddable":true,"href":"https:\/\/skiclubdebeille.com\/index.php\/wp-json\/wp\/v2\/pages\/2686"}],"wp:featuredmedia":[{"embeddable":true,"href":"https:\/\/skiclubdebeille.com\/index.php\/wp-json\/wp\/v2\/media\/5022"}],"wp:attachment":[{"href":"https:\/\/skiclubdebeille.com\/index.php\/wp-json\/wp\/v2\/media?parent=4995"}],"curies":[{"name":"wp","href":"https:\/\/api.w.org\/{rel}","templated":true}]}}